{"id":3659,"date":"2017-12-21T08:33:08","date_gmt":"2017-12-21T07:33:08","guid":{"rendered":"http:\/\/aurum.insulin-kuehltasche.de\/?page_id=3659"},"modified":"2017-12-21T08:33:08","modified_gmt":"2017-12-21T07:33:08","slug":"my-account","status":"publish","type":"page","link":"https:\/\/cool-safe.com\/?page_id=3659","title":{"rendered":"My Account"},"content":{"rendered":"<div class=\"woocommerce\"><div class=\"woocommerce-notices-wrapper\"><\/div>\n\n<div class=\"u-columns col2-set\" id=\"customer_login\">\n\n    <div class=\"u-column1 col-1\">\n\n\t\t\n        <form class=\"woocommerce-form woocommerce-form-login login\" method=\"post\">\n\n\t\t\t<div class=\"bordered-block\"><h2>Login<\/h2>\n            <p class=\"woocommerce-form-row woocommerce-form-row--wide form-row form-row-wide\">\n                <input type=\"text\" class=\"woocommerce-Input woocommerce-Input--text input-text\" name=\"username\" id=\"username\" autocomplete=\"username\" placeholder=\"Username or email address *\" value=\"\" required aria-required=\"true\" \/>            <\/p>\n            <p class=\"woocommerce-form-row woocommerce-form-row--wide form-row form-row-wide\">\n                <input class=\"woocommerce-Input woocommerce-Input--text input-text\" type=\"password\" name=\"password\" id=\"password\" autocomplete=\"current-password\" placeholder=\"Password *\" required aria-required=\"true\" \/>\n            <\/p>\n\n\t\t\t\n            <p class=\"form-row\">\n                <button type=\"submit\" class=\"woocommerce-button button woocommerce-form-login__submit\" name=\"login\" value=\"Log in\">Log in<\/button>\n                <label class=\"woocommerce-form__label woocommerce-form__label-for-checkbox woocommerce-form-login__rememberme\">\n                    <input class=\"woocommerce-form__input woocommerce-form__input-checkbox\" name=\"rememberme\" type=\"checkbox\" id=\"rememberme\" value=\"forever\" \/> <span>Remember me<\/span>\n                <\/label>\n\t\t\t\t<input type=\"hidden\" id=\"woocommerce-login-nonce\" name=\"woocommerce-login-nonce\" value=\"2f77571c74\" \/><input type=\"hidden\" name=\"_wp_http_referer\" value=\"\/index.php?rest_route=%2Fwp%2Fv2%2Fpages%2F3659\" \/>            <\/p>\n            <p class=\"woocommerce-LostPassword lost_password\">\n                <a href=\"https:\/\/cool-safe.com\/?page_id=3659&#038;lost-password\">Lost your password?<\/a>\n            <\/p>\n\n\t\t\t<\/div>\n        <\/form>\n\n\t\t\n    <\/div>\n\n    <div class=\"u-column2 col-2\">\n\n        <form method=\"post\" class=\"woocommerce-form woocommerce-form-register register\"  >\n\n\t\t\t<div class=\"bordered-block\"><h2>Register<\/h2>\n\t\t\t\n            <p class=\"woocommerce-form-row woocommerce-form-row--wide form-row form-row-wide\">\n                <input type=\"email\" class=\"woocommerce-Input woocommerce-Input--text input-text\" name=\"email\" id=\"reg_email\" autocomplete=\"email\" placeholder=\"Email address *\" value=\"\" required aria-required=\"true\" \/>            <\/p>\n\n\t\t\t\n                <p class=\"woocommerce-form-row woocommerce-form-row--wide form-row form-row-wide\">\n                    <input type=\"password\" class=\"woocommerce-Input woocommerce-Input--text input-text\" name=\"password\" id=\"reg_password\" autocomplete=\"new-password\" placeholder=\"Password *\" required aria-required=\"true\" \/>\n                <\/p>\n\n\t\t\t\n\t\t\t<wc-order-attribution-inputs><\/wc-order-attribution-inputs><div class=\"woocommerce-privacy-policy-text\"><p>Wir verwenden deine personenbezogenen Daten, um eine m\u00f6glichst gute Benutzererfahrung auf dieser Website zu erm\u00f6glichen, den Zugriff auf dein Konto zu verwalten und f\u00fcr weitere Zwecke, die in unserer <a href=\"https:\/\/cool-safe.com\/?page_id=4596\" class=\"woocommerce-privacy-policy-link\" target=\"_blank\">privacy policy<\/a> beschrieben sind.<\/p>\n<\/div>\n            <p class=\"woocommerce-form-row form-row\">\n\t\t\t\t<input type=\"hidden\" id=\"woocommerce-register-nonce\" name=\"woocommerce-register-nonce\" value=\"19c1525e10\" \/><input type=\"hidden\" name=\"_wp_http_referer\" value=\"\/index.php?rest_route=%2Fwp%2Fv2%2Fpages%2F3659\" \/>                <button type=\"submit\" class=\"woocommerce-Button woocommerce-button button woocommerce-form-register__submit\" name=\"register\" value=\"Register\">Register<\/button>\n            <\/p>\n\n\t\t\t<\/div>\n        <\/form>\n\n    <\/div>\n\n<\/div>\n\n<\/div>\n","protected":false},"excerpt":{"rendered":"Login Log in Remember me Lost your password? Register Wir verwenden deine personenbezogenen Daten, um eine m\u00f6glichst gute Benutzererfahrung auf dieser Website zu erm\u00f6glichen, den Zugriff auf dein Konto zu verwalten und f\u00fcr weitere Zwecke, die in unserer privacy policy beschrieben sind. Register","protected":false},"author":1,"featured_media":0,"parent":3575,"menu_order":0,"comment_status":"closed","ping_status":"closed","template":"","meta":{"_acf_changed":false,"footnotes":""},"tags":[],"class_list":["post-3659","page","type-page","status-publish","hentry"],"yoast_head":"<!-- This site is optimized with the Yoast SEO plugin v27.0 - https:\/\/yoast.com\/product\/yoast-seo-wordpress\/ -->\n<title>My Account - COOL*SAFE<\/title>\n<meta name=\"robots\" content=\"index, follow, max-snippet:-1, max-image-preview:large, max-video-preview:-1\" \/>\n<link rel=\"canonical\" href=\"https:\/\/cool-safe.com\/?page_id=3659&lang=en\" \/>\n<meta property=\"og:locale\" content=\"en_GB\" \/>\n<meta property=\"og:type\" content=\"article\" \/>\n<meta property=\"og:title\" content=\"My Account - COOL*SAFE\" \/>\n<meta property=\"og:url\" content=\"https:\/\/cool-safe.com\/?page_id=3659&amp;lang=en\" \/>\n<meta property=\"og:site_name\" content=\"COOL*SAFE\" \/>\n<meta name=\"twitter:card\" content=\"summary_large_image\" \/>\n<script type=\"application\/ld+json\" class=\"yoast-schema-graph\">{\"@context\":\"https:\/\/schema.org\",\"@graph\":[{\"@type\":\"WebPage\",\"@id\":\"https:\/\/cool-safe.com\/?page_id=3659&lang=en\",\"url\":\"https:\/\/cool-safe.com\/?page_id=3659&lang=en\",\"name\":\"My Account - COOL*SAFE\",\"isPartOf\":{\"@id\":\"https:\/\/cool-safe.com\/en\/#website\"},\"datePublished\":\"2017-12-21T07:33:08+00:00\",\"breadcrumb\":{\"@id\":\"https:\/\/cool-safe.com\/?page_id=3659&lang=en#breadcrumb\"},\"inLanguage\":\"en-GB\",\"potentialAction\":[{\"@type\":\"ReadAction\",\"target\":[\"https:\/\/cool-safe.com\/?page_id=3659&lang=en\"]}]},{\"@type\":\"BreadcrumbList\",\"@id\":\"https:\/\/cool-safe.com\/?page_id=3659&lang=en#breadcrumb\",\"itemListElement\":[{\"@type\":\"ListItem\",\"position\":1,\"name\":\"Startseite\",\"item\":\"https:\/\/cool-safe.com\/?lang=en\"},{\"@type\":\"ListItem\",\"position\":2,\"name\":\"Models-Shop\",\"item\":\"https:\/\/cool-safe.com\/?page_id=3575&lang=en\"},{\"@type\":\"ListItem\",\"position\":3,\"name\":\"My Account\"}]},{\"@type\":\"WebSite\",\"@id\":\"https:\/\/cool-safe.com\/en\/#website\",\"url\":\"https:\/\/cool-safe.com\/en\/\",\"name\":\"COOL*SAFE\",\"description\":\"The medicine cool bag - medicine well cooled\",\"potentialAction\":[{\"@type\":\"SearchAction\",\"target\":{\"@type\":\"EntryPoint\",\"urlTemplate\":\"https:\/\/cool-safe.com\/en\/?s={search_term_string}\"},\"query-input\":{\"@type\":\"PropertyValueSpecification\",\"valueRequired\":true,\"valueName\":\"search_term_string\"}}],\"inLanguage\":\"en-GB\"}]}<\/script>\n<!-- \/ Yoast SEO plugin. -->","yoast_head_json":{"title":"My Account - COOL*SAFE","robots":{"index":"index","follow":"follow","max-snippet":"max-snippet:-1","max-image-preview":"max-image-preview:large","max-video-preview":"max-video-preview:-1"},"canonical":"https:\/\/cool-safe.com\/?page_id=3659&lang=en","og_locale":"en_GB","og_type":"article","og_title":"My Account - COOL*SAFE","og_url":"https:\/\/cool-safe.com\/?page_id=3659&lang=en","og_site_name":"COOL*SAFE","twitter_card":"summary_large_image","schema":{"@context":"https:\/\/schema.org","@graph":[{"@type":"WebPage","@id":"https:\/\/cool-safe.com\/?page_id=3659&lang=en","url":"https:\/\/cool-safe.com\/?page_id=3659&lang=en","name":"My Account - COOL*SAFE","isPartOf":{"@id":"https:\/\/cool-safe.com\/en\/#website"},"datePublished":"2017-12-21T07:33:08+00:00","breadcrumb":{"@id":"https:\/\/cool-safe.com\/?page_id=3659&lang=en#breadcrumb"},"inLanguage":"en-GB","potentialAction":[{"@type":"ReadAction","target":["https:\/\/cool-safe.com\/?page_id=3659&lang=en"]}]},{"@type":"BreadcrumbList","@id":"https:\/\/cool-safe.com\/?page_id=3659&lang=en#breadcrumb","itemListElement":[{"@type":"ListItem","position":1,"name":"Startseite","item":"https:\/\/cool-safe.com\/?lang=en"},{"@type":"ListItem","position":2,"name":"Models-Shop","item":"https:\/\/cool-safe.com\/?page_id=3575&lang=en"},{"@type":"ListItem","position":3,"name":"My Account"}]},{"@type":"WebSite","@id":"https:\/\/cool-safe.com\/en\/#website","url":"https:\/\/cool-safe.com\/en\/","name":"COOL*SAFE","description":"The medicine cool bag - medicine well cooled","potentialAction":[{"@type":"SearchAction","target":{"@type":"EntryPoint","urlTemplate":"https:\/\/cool-safe.com\/en\/?s={search_term_string}"},"query-input":{"@type":"PropertyValueSpecification","valueRequired":true,"valueName":"search_term_string"}}],"inLanguage":"en-GB"}]}},"acf":[],"_links":{"self":[{"href":"https:\/\/cool-safe.com\/index.php?rest_route=\/wp\/v2\/pages\/3659","targetHints":{"allow":["GET"]}}],"collection":[{"href":"https:\/\/cool-safe.com\/index.php?rest_route=\/wp\/v2\/pages"}],"about":[{"href":"https:\/\/cool-safe.com\/index.php?rest_route=\/wp\/v2\/types\/page"}],"author":[{"embeddable":true,"href":"https:\/\/cool-safe.com\/index.php?rest_route=\/wp\/v2\/users\/1"}],"replies":[{"embeddable":true,"href":"https:\/\/cool-safe.com\/index.php?rest_route=%2Fwp%2Fv2%2Fcomments&post=3659"}],"version-history":[{"count":1,"href":"https:\/\/cool-safe.com\/index.php?rest_route=\/wp\/v2\/pages\/3659\/revisions"}],"predecessor-version":[{"id":3660,"href":"https:\/\/cool-safe.com\/index.php?rest_route=\/wp\/v2\/pages\/3659\/revisions\/3660"}],"up":[{"embeddable":true,"href":"https:\/\/cool-safe.com\/index.php?rest_route=\/wp\/v2\/pages\/3575"}],"wp:attachment":[{"href":"https:\/\/cool-safe.com\/index.php?rest_route=%2Fwp%2Fv2%2Fmedia&parent=3659"}],"wp:term":[{"taxonomy":"post_tag","embeddable":true,"href":"https:\/\/cool-safe.com\/index.php?rest_route=%2Fwp%2Fv2%2Ftags&post=3659"}],"curies":[{"name":"wp","href":"https:\/\/api.w.org\/{rel}","templated":true}]}}