{"id":4064,"date":"2019-01-28T13:33:29","date_gmt":"2019-01-28T12:33:29","guid":{"rendered":"http:\/\/aurum.insulin-kuehltasche.de\/widerrufsbelehrung-2\/"},"modified":"2022-09-28T08:30:45","modified_gmt":"2022-09-28T06:30:45","slug":"cancellation-policy","status":"publish","type":"page","link":"https:\/\/cool-safe.com\/?page_id=4064","title":{"rendered":"Cancellation policy"},"content":{"rendered":"<p><strong>REVOCATION INSTRUCTION<\/strong><\/p>\n<p>RIGHT OF REFUSAL<\/p>\n<p>You have the right to cancel this contract within 14 days without giving reasons. Please be sure to include the invoice number and the date of purchase.<\/p>\n<p>The revocation period is 14 days from the day on which you or a third party named by you, who is not the carrier, took or has taken possession of the last goods.<\/p>\n<p>In order to exercise your right of revocation, you must send us (Artemed products GmbH, Eichendorffstrasse 22 &#8211; 24, Tel.: +49 (0)9195-9999 038, Fax: +49 (0) 9195 9999 032, E-Mail:\u00a0 innovations@artemed-products.com) by means of a clear statement (e.g. a letter, fax or e-mail sent by post) about your decision to revoke this contract. You may use &#8221; the attached revocation notice, which is not mandatory.<\/p>\n<p>In order to comply with the revocation period, it is sufficient to send the notification of the exercise of the right of revocation before the end of the revocation period.<\/p>\n<p>&nbsp;<\/p>\n<p>You may return your items (original packaging, unused and cold packs have not been frozen) within 14 days of receiving your order. Shipping charges will not be refunded.<\/p>\n<p>We do not provide a shipping label. You must send the products directly to our warehouse. You are responsible for the cost of return shipping unless the return is due to an error on our part.<\/p>\n<p style=\"text-align: center;\"><span style=\"text-decoration: underline;\">Return shipping address<\/span><\/p>\n<p style=\"text-align: center;\">Artemed products GmbH<\/p>\n<p style=\"text-align: center;\">c\/c POHL, Heike Hofmann<\/p>\n<p style=\"text-align: center;\">Eichendorffstra\u00dfe 22 \u2013 24<\/p>\n<p style=\"text-align: center;\">D \u2013 91334 Hemhofen bei N\u00fcrnberg<\/p>\n<p style=\"text-align: center;\">Deutschland\/Germany\/Allemagne<\/p>\n<p>&nbsp;<\/p>\n<p><strong>CONSEQUENCES OF THE REVOCATION<\/strong><\/p>\n<p>If you revoke this Agreement, we shall reimburse you for all payments we have received from you, including delivery charges (other than any additional charges arising from your choosing a different method of delivery from the cheapest standard delivery offered by us), immediately and no later than fourteen days from the date on which we receive notice of your revocation of this Agreement.<\/p>\n<p>For this repayment we will use the same means of payment that you used for the original transaction, unless expressly agreed otherwise with you; in no case will we charge you any fees for this repayment. We may refuse to refund until we have received the goods back or until you have provided proof that you have returned the goods, whichever is earlier.<\/p>\n<p>You must return or hand over the goods to us without delay and in any event no later than fourteen days from the date on which you notify us of the cancellation of the contract. This period shall be deemed to have been observed if you dispatch the goods before the expiry of the fourteen-day period.<\/p>\n<p>You shall bear the direct costs of returning the goods.<\/p>\n<p>You shall only be liable for any loss in value of the goods if this loss in value is due to handling of the goods that is not necessary for testing their condition, properties and functionality.<\/p>\n<p>&nbsp;<\/p>\n<p><strong>GENERAL NOTES<\/strong><\/p>\n<p>Please avoid damage and contamination of the goods. If possible, please return the goods to us in their original packaging with all accessories and with all packaging components. If necessary, use a protective outer packaging. If you no longer have the original packaging, please use suitable packaging to ensure adequate protection against transport damage.<\/p>\n<p>&nbsp;<\/p>\n<p><span style=\"color: #0000ff;\"><a style=\"color: #0000ff;\" href=\"https:\/\/cool-safe.com\/en\/contact-en\/\" target=\"_blank\" rel=\"noopener noreferrer\"><strong>Contact Us:<\/strong><\/a><\/span><\/p>\n<p>&nbsp;<\/p>\n","protected":false},"excerpt":{"rendered":"<p>REVOCATION INSTRUCTION RIGHT OF REFUSAL You have the right to cancel this contract within 14 days without giving reasons. Please be sure to include the invoice number and the date of purchase. The revocation period is 14 days from the day on which you or a third party named by you, who is not the carrier, took or has taken possession of the last goods. In order to exercise your right of revocation, you must&hellip;<\/p>\n","protected":false},"author":4,"featured_media":0,"parent":0,"menu_order":0,"comment_status":"closed","ping_status":"closed","template":"","meta":{"_acf_changed":false,"footnotes":""},"tags":[],"class_list":["post-4064","page","type-page","status-publish","hentry"],"yoast_head":"<!-- This site is optimized with the Yoast SEO plugin v27.0 - https:\/\/yoast.com\/product\/yoast-seo-wordpress\/ -->\n<title>Cancellation policy - COOL*SAFE<\/title>\n<meta name=\"description\" content=\"Sie haben das Recht, binnen 28 Tagen ohne Angabe von Gr\u00fcnden diesen Vertrag zu widerrufen. Die Widerrufsfrist betr\u00e4gt 28 Tage ab dem Tag, an dem Sie oder ein von Ihnen benannter Dritter, der nicht der Bef\u00f6rderer ist, die letzte Ware in Besitz genommen haben bzw. hat.\" \/>\n<meta name=\"robots\" content=\"noindex, nofollow\" \/>\n<meta property=\"og:locale\" content=\"en_GB\" \/>\n<meta property=\"og:type\" content=\"article\" \/>\n<meta property=\"og:title\" content=\"Cancellation policy - COOL*SAFE\" \/>\n<meta property=\"og:description\" content=\"Sie haben das Recht, binnen 28 Tagen ohne Angabe von Gr\u00fcnden diesen Vertrag zu widerrufen. Die Widerrufsfrist betr\u00e4gt 28 Tage ab dem Tag, an dem Sie oder ein von Ihnen benannter Dritter, der nicht der Bef\u00f6rderer ist, die letzte Ware in Besitz genommen haben bzw. hat.\" \/>\n<meta property=\"og:url\" content=\"https:\/\/cool-safe.com\/?page_id=4064&amp;lang=en\" \/>\n<meta property=\"og:site_name\" content=\"COOL*SAFE\" \/>\n<meta property=\"article:modified_time\" content=\"2022-09-28T06:30:45+00:00\" \/>\n<meta name=\"twitter:card\" content=\"summary_large_image\" \/>\n<meta name=\"twitter:label1\" content=\"Estimated reading time\" \/>\n\t<meta name=\"twitter:data1\" content=\"3 minutes\" \/>\n<script type=\"application\/ld+json\" class=\"yoast-schema-graph\">{\"@context\":\"https:\/\/schema.org\",\"@graph\":[{\"@type\":\"WebPage\",\"@id\":\"https:\/\/cool-safe.com\/?page_id=4064&lang=en\",\"url\":\"https:\/\/cool-safe.com\/?page_id=4064&lang=en\",\"name\":\"Cancellation policy - COOL*SAFE\",\"isPartOf\":{\"@id\":\"https:\/\/cool-safe.com\/en\/#website\"},\"datePublished\":\"2019-01-28T12:33:29+00:00\",\"dateModified\":\"2022-09-28T06:30:45+00:00\",\"description\":\"Sie haben das Recht, binnen 28 Tagen ohne Angabe von Gr\u00fcnden diesen Vertrag zu widerrufen. Die Widerrufsfrist betr\u00e4gt 28 Tage ab dem Tag, an dem Sie oder ein von Ihnen benannter Dritter, der nicht der Bef\u00f6rderer ist, die letzte Ware in Besitz genommen haben bzw. hat.\",\"breadcrumb\":{\"@id\":\"https:\/\/cool-safe.com\/?page_id=4064&lang=en#breadcrumb\"},\"inLanguage\":\"en-GB\",\"potentialAction\":[{\"@type\":\"ReadAction\",\"target\":[\"https:\/\/cool-safe.com\/?page_id=4064&lang=en\"]}]},{\"@type\":\"BreadcrumbList\",\"@id\":\"https:\/\/cool-safe.com\/?page_id=4064&lang=en#breadcrumb\",\"itemListElement\":[{\"@type\":\"ListItem\",\"position\":1,\"name\":\"Startseite\",\"item\":\"https:\/\/cool-safe.com\/?lang=en\"},{\"@type\":\"ListItem\",\"position\":2,\"name\":\"Cancellation policy\"}]},{\"@type\":\"WebSite\",\"@id\":\"https:\/\/cool-safe.com\/en\/#website\",\"url\":\"https:\/\/cool-safe.com\/en\/\",\"name\":\"COOL*SAFE\",\"description\":\"The medicine cool bag - medicine well cooled\",\"potentialAction\":[{\"@type\":\"SearchAction\",\"target\":{\"@type\":\"EntryPoint\",\"urlTemplate\":\"https:\/\/cool-safe.com\/en\/?s={search_term_string}\"},\"query-input\":{\"@type\":\"PropertyValueSpecification\",\"valueRequired\":true,\"valueName\":\"search_term_string\"}}],\"inLanguage\":\"en-GB\"}]}<\/script>\n<!-- \/ Yoast SEO plugin. -->","yoast_head_json":{"title":"Cancellation policy - COOL*SAFE","description":"Sie haben das Recht, binnen 28 Tagen ohne Angabe von Gr\u00fcnden diesen Vertrag zu widerrufen. Die Widerrufsfrist betr\u00e4gt 28 Tage ab dem Tag, an dem Sie oder ein von Ihnen benannter Dritter, der nicht der Bef\u00f6rderer ist, die letzte Ware in Besitz genommen haben bzw. hat.","robots":{"index":"noindex","follow":"nofollow"},"og_locale":"en_GB","og_type":"article","og_title":"Cancellation policy - COOL*SAFE","og_description":"Sie haben das Recht, binnen 28 Tagen ohne Angabe von Gr\u00fcnden diesen Vertrag zu widerrufen. Die Widerrufsfrist betr\u00e4gt 28 Tage ab dem Tag, an dem Sie oder ein von Ihnen benannter Dritter, der nicht der Bef\u00f6rderer ist, die letzte Ware in Besitz genommen haben bzw. hat.","og_url":"https:\/\/cool-safe.com\/?page_id=4064&lang=en","og_site_name":"COOL*SAFE","article_modified_time":"2022-09-28T06:30:45+00:00","twitter_card":"summary_large_image","twitter_misc":{"Estimated reading time":"3 minutes"},"schema":{"@context":"https:\/\/schema.org","@graph":[{"@type":"WebPage","@id":"https:\/\/cool-safe.com\/?page_id=4064&lang=en","url":"https:\/\/cool-safe.com\/?page_id=4064&lang=en","name":"Cancellation policy - COOL*SAFE","isPartOf":{"@id":"https:\/\/cool-safe.com\/en\/#website"},"datePublished":"2019-01-28T12:33:29+00:00","dateModified":"2022-09-28T06:30:45+00:00","description":"Sie haben das Recht, binnen 28 Tagen ohne Angabe von Gr\u00fcnden diesen Vertrag zu widerrufen. Die Widerrufsfrist betr\u00e4gt 28 Tage ab dem Tag, an dem Sie oder ein von Ihnen benannter Dritter, der nicht der Bef\u00f6rderer ist, die letzte Ware in Besitz genommen haben bzw. hat.","breadcrumb":{"@id":"https:\/\/cool-safe.com\/?page_id=4064&lang=en#breadcrumb"},"inLanguage":"en-GB","potentialAction":[{"@type":"ReadAction","target":["https:\/\/cool-safe.com\/?page_id=4064&lang=en"]}]},{"@type":"BreadcrumbList","@id":"https:\/\/cool-safe.com\/?page_id=4064&lang=en#breadcrumb","itemListElement":[{"@type":"ListItem","position":1,"name":"Startseite","item":"https:\/\/cool-safe.com\/?lang=en"},{"@type":"ListItem","position":2,"name":"Cancellation policy"}]},{"@type":"WebSite","@id":"https:\/\/cool-safe.com\/en\/#website","url":"https:\/\/cool-safe.com\/en\/","name":"COOL*SAFE","description":"The medicine cool bag - medicine well cooled","potentialAction":[{"@type":"SearchAction","target":{"@type":"EntryPoint","urlTemplate":"https:\/\/cool-safe.com\/en\/?s={search_term_string}"},"query-input":{"@type":"PropertyValueSpecification","valueRequired":true,"valueName":"search_term_string"}}],"inLanguage":"en-GB"}]}},"acf":[],"_links":{"self":[{"href":"https:\/\/cool-safe.com\/index.php?rest_route=\/wp\/v2\/pages\/4064","targetHints":{"allow":["GET"]}}],"collection":[{"href":"https:\/\/cool-safe.com\/index.php?rest_route=\/wp\/v2\/pages"}],"about":[{"href":"https:\/\/cool-safe.com\/index.php?rest_route=\/wp\/v2\/types\/page"}],"author":[{"embeddable":true,"href":"https:\/\/cool-safe.com\/index.php?rest_route=\/wp\/v2\/users\/4"}],"replies":[{"embeddable":true,"href":"https:\/\/cool-safe.com\/index.php?rest_route=%2Fwp%2Fv2%2Fcomments&post=4064"}],"version-history":[{"count":6,"href":"https:\/\/cool-safe.com\/index.php?rest_route=\/wp\/v2\/pages\/4064\/revisions"}],"predecessor-version":[{"id":12566,"href":"https:\/\/cool-safe.com\/index.php?rest_route=\/wp\/v2\/pages\/4064\/revisions\/12566"}],"wp:attachment":[{"href":"https:\/\/cool-safe.com\/index.php?rest_route=%2Fwp%2Fv2%2Fmedia&parent=4064"}],"wp:term":[{"taxonomy":"post_tag","embeddable":true,"href":"https:\/\/cool-safe.com\/index.php?rest_route=%2Fwp%2Fv2%2Ftags&post=4064"}],"curies":[{"name":"wp","href":"https:\/\/api.w.org\/{rel}","templated":true}]}}