{"id":4518,"date":"2019-01-31T10:26:03","date_gmt":"2019-01-31T09:26:03","guid":{"rendered":"http:\/\/aurum.insulin-kuehltasche.de\/modelle\/bezahlmoeglichkeiten-2\/"},"modified":"2020-05-19T09:48:32","modified_gmt":"2020-05-19T07:48:32","slug":"bezahlmoeglichkeiten-2","status":"publish","type":"page","link":"https:\/\/cool-safe.com\/?page_id=4518","title":{"rendered":"Payment methods"},"content":{"rendered":"<div class=\"container page-container\">\n<div class=\"post-formatting\">\n<div class=\"woocommerce woocommerce-gzd\">\n<p><strong><span style=\"font-size: 18pt;\">Payment methods:<\/span><\/strong><\/p>\n<p>&nbsp;<\/p>\n<p>We accept the following payment methods:<\/p>\n<p><span style=\"font-size: 14pt;\"><strong>Bank transfer<\/strong><\/span><\/p>\n<p>Transfer directly to our bank account. Please use the order number as reason for payment. The order will be shipped only after receipt of money on our account.<\/p>\n<p><span style=\"font-size: 14pt;\"><strong>Payment with cryptocurrency<\/strong><\/span><\/p>\n<p>Pay with Bitcoin, Litecoin, or other altcoins via CoinPayments.net<\/p>\n<p><span style=\"font-size: 14pt;\"><strong>PayPal<\/strong><\/span><\/p>\n<p>Pay with PayPal. If you do not have a PayPal account, you can also pay with your <strong>credit card.<\/strong><\/p>\n<p>&nbsp;<\/p>\n<\/div>\n<\/div>\n<\/div>\n","protected":false},"excerpt":{"rendered":"<p>Payment methods: &nbsp; We accept the following payment methods: Bank transfer Transfer directly to our bank account. Please use the order number as reason for payment. The order will be shipped only after receipt of money on our account. Payment with cryptocurrency Pay with Bitcoin, Litecoin, or other altcoins via CoinPayments.net PayPal Pay with PayPal. If you do not have a PayPal account, you can also pay with your credit card. &nbsp;<\/p>\n","protected":false},"author":4,"featured_media":0,"parent":0,"menu_order":0,"comment_status":"closed","ping_status":"closed","template":"","meta":{"_acf_changed":false,"footnotes":""},"tags":[],"class_list":["post-4518","page","type-page","status-publish","hentry"],"yoast_head":"<!-- This site is optimized with the Yoast SEO plugin v27.0 - https:\/\/yoast.com\/product\/yoast-seo-wordpress\/ -->\n<title>Payment methods - COOL*SAFE<\/title>\n<meta name=\"description\" content=\"Zahlungen sind per Bank\u00fcberweisung, Kreditkarte oder mit Paypal m\u00f6glich. Bitte geben Sie bei Zahlung per Bank\u00fcberweisung als Verwendungszweck die Bestellnummer an.\" \/>\n<meta name=\"robots\" content=\"noindex, nofollow\" \/>\n<meta property=\"og:locale\" content=\"en_GB\" \/>\n<meta property=\"og:type\" content=\"article\" \/>\n<meta property=\"og:title\" content=\"Payment methods - COOL*SAFE\" \/>\n<meta property=\"og:description\" content=\"Zahlungen sind per Bank\u00fcberweisung, Kreditkarte oder mit Paypal m\u00f6glich. Bitte geben Sie bei Zahlung per Bank\u00fcberweisung als Verwendungszweck die Bestellnummer an.\" \/>\n<meta property=\"og:url\" content=\"https:\/\/cool-safe.com\/?page_id=4518&amp;lang=en\" \/>\n<meta property=\"og:site_name\" content=\"COOL*SAFE\" \/>\n<meta property=\"article:modified_time\" content=\"2020-05-19T07:48:32+00:00\" \/>\n<meta name=\"twitter:card\" content=\"summary_large_image\" \/>\n<script type=\"application\/ld+json\" class=\"yoast-schema-graph\">{\"@context\":\"https:\/\/schema.org\",\"@graph\":[{\"@type\":\"WebPage\",\"@id\":\"https:\/\/cool-safe.com\/?page_id=4518&lang=en\",\"url\":\"https:\/\/cool-safe.com\/?page_id=4518&lang=en\",\"name\":\"Payment methods - COOL*SAFE\",\"isPartOf\":{\"@id\":\"https:\/\/cool-safe.com\/en\/#website\"},\"datePublished\":\"2019-01-31T09:26:03+00:00\",\"dateModified\":\"2020-05-19T07:48:32+00:00\",\"description\":\"Zahlungen sind per Bank\u00fcberweisung, Kreditkarte oder mit Paypal m\u00f6glich. Bitte geben Sie bei Zahlung per Bank\u00fcberweisung als Verwendungszweck die Bestellnummer an.\",\"breadcrumb\":{\"@id\":\"https:\/\/cool-safe.com\/?page_id=4518&lang=en#breadcrumb\"},\"inLanguage\":\"en-GB\",\"potentialAction\":[{\"@type\":\"ReadAction\",\"target\":[\"https:\/\/cool-safe.com\/?page_id=4518&lang=en\"]}]},{\"@type\":\"BreadcrumbList\",\"@id\":\"https:\/\/cool-safe.com\/?page_id=4518&lang=en#breadcrumb\",\"itemListElement\":[{\"@type\":\"ListItem\",\"position\":1,\"name\":\"Startseite\",\"item\":\"https:\/\/cool-safe.com\/?lang=en\"},{\"@type\":\"ListItem\",\"position\":2,\"name\":\"Payment methods\"}]},{\"@type\":\"WebSite\",\"@id\":\"https:\/\/cool-safe.com\/en\/#website\",\"url\":\"https:\/\/cool-safe.com\/en\/\",\"name\":\"COOL*SAFE\",\"description\":\"The medicine cool bag - medicine well cooled\",\"potentialAction\":[{\"@type\":\"SearchAction\",\"target\":{\"@type\":\"EntryPoint\",\"urlTemplate\":\"https:\/\/cool-safe.com\/en\/?s={search_term_string}\"},\"query-input\":{\"@type\":\"PropertyValueSpecification\",\"valueRequired\":true,\"valueName\":\"search_term_string\"}}],\"inLanguage\":\"en-GB\"}]}<\/script>\n<!-- \/ Yoast SEO plugin. -->","yoast_head_json":{"title":"Payment methods - COOL*SAFE","description":"Zahlungen sind per Bank\u00fcberweisung, Kreditkarte oder mit Paypal m\u00f6glich. Bitte geben Sie bei Zahlung per Bank\u00fcberweisung als Verwendungszweck die Bestellnummer an.","robots":{"index":"noindex","follow":"nofollow"},"og_locale":"en_GB","og_type":"article","og_title":"Payment methods - COOL*SAFE","og_description":"Zahlungen sind per Bank\u00fcberweisung, Kreditkarte oder mit Paypal m\u00f6glich. Bitte geben Sie bei Zahlung per Bank\u00fcberweisung als Verwendungszweck die Bestellnummer an.","og_url":"https:\/\/cool-safe.com\/?page_id=4518&lang=en","og_site_name":"COOL*SAFE","article_modified_time":"2020-05-19T07:48:32+00:00","twitter_card":"summary_large_image","schema":{"@context":"https:\/\/schema.org","@graph":[{"@type":"WebPage","@id":"https:\/\/cool-safe.com\/?page_id=4518&lang=en","url":"https:\/\/cool-safe.com\/?page_id=4518&lang=en","name":"Payment methods - COOL*SAFE","isPartOf":{"@id":"https:\/\/cool-safe.com\/en\/#website"},"datePublished":"2019-01-31T09:26:03+00:00","dateModified":"2020-05-19T07:48:32+00:00","description":"Zahlungen sind per Bank\u00fcberweisung, Kreditkarte oder mit Paypal m\u00f6glich. Bitte geben Sie bei Zahlung per Bank\u00fcberweisung als Verwendungszweck die Bestellnummer an.","breadcrumb":{"@id":"https:\/\/cool-safe.com\/?page_id=4518&lang=en#breadcrumb"},"inLanguage":"en-GB","potentialAction":[{"@type":"ReadAction","target":["https:\/\/cool-safe.com\/?page_id=4518&lang=en"]}]},{"@type":"BreadcrumbList","@id":"https:\/\/cool-safe.com\/?page_id=4518&lang=en#breadcrumb","itemListElement":[{"@type":"ListItem","position":1,"name":"Startseite","item":"https:\/\/cool-safe.com\/?lang=en"},{"@type":"ListItem","position":2,"name":"Payment methods"}]},{"@type":"WebSite","@id":"https:\/\/cool-safe.com\/en\/#website","url":"https:\/\/cool-safe.com\/en\/","name":"COOL*SAFE","description":"The medicine cool bag - medicine well cooled","potentialAction":[{"@type":"SearchAction","target":{"@type":"EntryPoint","urlTemplate":"https:\/\/cool-safe.com\/en\/?s={search_term_string}"},"query-input":{"@type":"PropertyValueSpecification","valueRequired":true,"valueName":"search_term_string"}}],"inLanguage":"en-GB"}]}},"acf":[],"_links":{"self":[{"href":"https:\/\/cool-safe.com\/index.php?rest_route=\/wp\/v2\/pages\/4518","targetHints":{"allow":["GET"]}}],"collection":[{"href":"https:\/\/cool-safe.com\/index.php?rest_route=\/wp\/v2\/pages"}],"about":[{"href":"https:\/\/cool-safe.com\/index.php?rest_route=\/wp\/v2\/types\/page"}],"author":[{"embeddable":true,"href":"https:\/\/cool-safe.com\/index.php?rest_route=\/wp\/v2\/users\/4"}],"replies":[{"embeddable":true,"href":"https:\/\/cool-safe.com\/index.php?rest_route=%2Fwp%2Fv2%2Fcomments&post=4518"}],"version-history":[{"count":8,"href":"https:\/\/cool-safe.com\/index.php?rest_route=\/wp\/v2\/pages\/4518\/revisions"}],"predecessor-version":[{"id":12573,"href":"https:\/\/cool-safe.com\/index.php?rest_route=\/wp\/v2\/pages\/4518\/revisions\/12573"}],"wp:attachment":[{"href":"https:\/\/cool-safe.com\/index.php?rest_route=%2Fwp%2Fv2%2Fmedia&parent=4518"}],"wp:term":[{"taxonomy":"post_tag","embeddable":true,"href":"https:\/\/cool-safe.com\/index.php?rest_route=%2Fwp%2Fv2%2Ftags&post=4518"}],"curies":[{"name":"wp","href":"https:\/\/api.w.org\/{rel}","templated":true}]}}