{"id":4664,"date":"2019-02-01T09:45:25","date_gmt":"2019-02-01T08:45:25","guid":{"rendered":"http:\/\/aurum.insulin-kuehltasche.de\/impressum-2\/"},"modified":"2025-02-03T12:31:14","modified_gmt":"2025-02-03T11:31:14","slug":"impressum-2","status":"publish","type":"page","link":"https:\/\/cool-safe.com\/?page_id=4664","title":{"rendered":"Imprint"},"content":{"rendered":"<div class=\"wpb-content-wrapper\"><p>[vc_row][vc_column][vc_column_text css=&#8221;&#8221;]<\/p>\n<h3 style=\"text-align: left;\"><span style=\"font-size: 18pt;\">IMPRINT<\/span><\/h3>\n<p>[\/vc_column_text][vc_single_image image=&#8221;14530&#8243; img_size=&#8221;medium&#8221; css=&#8221;&#8221;][vc_column_text css=&#8221;&#8221;]<\/p>\n<h3 style=\"text-align: left;\"><\/h3>\n<table style=\"height: 320px;\">\n<tbody>\n<tr style=\"height: 159px;\">\n<td style=\"width: 348px; height: 159px;\"><b>Publisher<\/b>:<\/td>\n<td style=\"height: 159px; width: 494.909px;\">&nbsp;<\/p>\n<p>&nbsp;<\/p>\n<p class=\"p1\">Artemed products GmbH<\/p>\n<p class=\"p1\">Eichendorffstra\u00dfe 22 &#8211; 24<\/p>\n<p class=\"p1\">91334 Hemhofen bei N\u00fcrnberg<\/p>\n<\/td>\n<\/tr>\n<tr style=\"height: 23px;\">\n<td style=\"width: 348px; height: 23px;\"><strong>CEO:<\/strong><\/td>\n<td style=\"width: 494.909px; height: 23px;\">Chris Wagner<\/td>\n<\/tr>\n<tr style=\"height: 23px;\">\n<td style=\"width: 348px; height: 23px;\"><b>Local Court F\u00fcrth<\/b>:<\/td>\n<td style=\"width: 494.909px; height: 23px;\">HRB 16842<\/td>\n<\/tr>\n<tr style=\"height: 23px;\">\n<td style=\"width: 348px; height: 23px;\"><b>VAT-Id No.<\/b>:<\/td>\n<td style=\"width: 494.909px; height: 23px;\">DE 815268508<\/td>\n<\/tr>\n<tr style=\"height: 23px;\">\n<td style=\"width: 348px; height: 23px;\"><strong>E-Mail<\/strong>:<\/td>\n<td style=\"width: 494.909px; height: 23px;\">innovations@artemed-products.com<\/td>\n<\/tr>\n<tr style=\"height: 23px;\">\n<td style=\"width: 348px; height: 23px;\"><strong>Fax<\/strong>:<\/td>\n<td style=\"width: 494.909px; height: 23px;\">09195 &#8211; 9999 032<\/td>\n<\/tr>\n<tr style=\"height: 23px;\">\n<td style=\"width: 348px; height: 23px;\"><\/td>\n<td style=\"width: 494.909px; height: 23px;\"><\/td>\n<\/tr>\n<tr style=\"height: 23px;\">\n<td style=\"width: 348px; height: 23px;\"><\/td>\n<td style=\"width: 494.909px; height: 23px;\"><\/td>\n<\/tr>\n<\/tbody>\n<\/table>\n<p>&nbsp;<\/p>\n<p>&nbsp;<\/p>\n<p><strong>Disclaimer of liability:<\/strong><\/p>\n<p>All information on our website has been carefully checked. We make every effort to constantly expand and update this information. However, we cannot guarantee that it is complete, correct and up-to-date.<\/p>\n<p>Despite careful control of the contents, we do not assume any liability for the contents of external links. The operators of the linked pages are solely responsible for the content of their pages.<br \/>\nThe regional court of Hamburg has decided with judgement from 12 May 1998 that one has to if necessary also answer for contents of the linked side by the mounting and\/or yielding of links.<br \/>\nAccording to the Regional Court of Hamburg, this can only be prevented by expressly distancing oneself from the contents of the linked pages or the entire web.<br \/>\nThis applies to all links:<br \/>\n&#8220;We would like to emphasize that we have no influence on the design and content of the linked websites. Therefore, we hereby expressly distance ourselves from all contents of all linked websites on our entire website including all sub-pages and their sub-links or other forwarding mechanisms. This declaration applies to all links on our website and to all contents of the pages to which links or other connections lead.<\/p>\n<p>&nbsp;<\/p>\n<p><strong>Privacy notice: <a href=\"https:\/\/cool-safe.com\/en\/privacy-notice\/\" target=\"_blank\" rel=\"noopener noreferrer\">click here<\/a><\/strong><\/p>\n<p><strong>Cancellation policy: <a href=\"https:\/\/cool-safe.com\/en\/widerrufsbelehrung-2\/\" target=\"_blank\" rel=\"noopener noreferrer\">click here<\/a><\/strong><\/p>\n<p><strong>Online Dispute Resolution: <a href=\"https:\/\/ec.europa.eu\/consumers\/odr\/main\/index.cfm?event=main.home.chooseLanguage\" target=\"_blank\" rel=\"noopener noreferrer\">click here<\/a><\/strong><\/p>\n<p>&nbsp;<\/p>\n<div class=\"woocommerce woocommerce-gzd woocommerce-gzd-complaints-shortcode\">\n\t\t\t<h3>Alternative Dispute Resolution in accordance with Art. 14 (1) ODR-VO and \u00a7 36 VSBG:<\/h3>\n\t\nWir sind bereit, an einem au\u00dfergerichtlichen Schlichtungsverfahren teilzunehmen.<\/div>\n<p>&nbsp;<\/p>\n<p>[\/vc_column_text][\/vc_column][\/vc_row]<\/p>\n<\/div>","protected":false},"excerpt":{"rendered":"<p>[vc_row][vc_column][vc_column_text css=&#8221;&#8221;] IMPRINT [\/vc_column_text][vc_single_image image=&#8221;14530&#8243; img_size=&#8221;medium&#8221; css=&#8221;&#8221;][vc_column_text css=&#8221;&#8221;] Publisher: &nbsp; &nbsp; Artemed products GmbH Eichendorffstra\u00dfe 22 &#8211; 24 91334 Hemhofen bei N\u00fcrnberg CEO: Chris Wagner Local Court F\u00fcrth: HRB 16842 VAT-Id No.: DE 815268508 E-Mail: innovations@artemed-products.com Fax: 09195 &#8211; 9999 032 &nbsp; &nbsp; Disclaimer of liability: All information on our website has been carefully checked. We make every effort to constantly expand and update this information. However, we cannot guarantee that it is complete, correct&hellip;<\/p>\n","protected":false},"author":4,"featured_media":0,"parent":0,"menu_order":0,"comment_status":"closed","ping_status":"closed","template":"","meta":{"_acf_changed":false,"footnotes":""},"tags":[],"class_list":["post-4664","page","type-page","status-publish","hentry"],"yoast_head":"<!-- This site is optimized with the Yoast SEO plugin v27.0 - https:\/\/yoast.com\/product\/yoast-seo-wordpress\/ -->\n<title>Imprint - COOL*SAFE<\/title>\n<meta name=\"robots\" content=\"noindex, nofollow\" \/>\n<meta property=\"og:locale\" content=\"en_GB\" \/>\n<meta property=\"og:type\" content=\"article\" \/>\n<meta property=\"og:title\" content=\"Imprint - COOL*SAFE\" \/>\n<meta property=\"og:description\" content=\"[vc_row][vc_column][vc_column_text css=&#8221;&#8221;] IMPRINT [\/vc_column_text][vc_single_image image=&#8221;14530&#8243; img_size=&#8221;medium&#8221; css=&#8221;&#8221;][vc_column_text css=&#8221;&#8221;] Publisher: &nbsp; &nbsp; Artemed products GmbH Eichendorffstra\u00dfe 22 &#8211; 24 91334 Hemhofen bei N\u00fcrnberg CEO: Chris Wagner Local Court F\u00fcrth: HRB 16842 VAT-Id No.: DE 815268508 E-Mail: innovations@artemed-products.com Fax: 09195 &#8211; 9999 032 &nbsp; &nbsp; Disclaimer of liability: All information on our website has been carefully checked. We make every effort to constantly expand and update this information. However, we cannot guarantee that it is complete, correct&hellip;\" \/>\n<meta property=\"og:url\" content=\"https:\/\/cool-safe.com\/?page_id=4664&amp;lang=en\" \/>\n<meta property=\"og:site_name\" content=\"COOL*SAFE\" \/>\n<meta property=\"article:modified_time\" content=\"2025-02-03T11:31:14+00:00\" \/>\n<meta name=\"twitter:card\" content=\"summary_large_image\" \/>\n<meta name=\"twitter:label1\" content=\"Estimated reading time\" \/>\n\t<meta name=\"twitter:data1\" content=\"2 minutes\" \/>\n<script type=\"application\/ld+json\" class=\"yoast-schema-graph\">{\"@context\":\"https:\/\/schema.org\",\"@graph\":[{\"@type\":\"WebPage\",\"@id\":\"https:\/\/cool-safe.com\/?page_id=4664&lang=en\",\"url\":\"https:\/\/cool-safe.com\/?page_id=4664&lang=en\",\"name\":\"Imprint - COOL*SAFE\",\"isPartOf\":{\"@id\":\"https:\/\/cool-safe.com\/en\/#website\"},\"datePublished\":\"2019-02-01T08:45:25+00:00\",\"dateModified\":\"2025-02-03T11:31:14+00:00\",\"breadcrumb\":{\"@id\":\"https:\/\/cool-safe.com\/?page_id=4664&lang=en#breadcrumb\"},\"inLanguage\":\"en-GB\",\"potentialAction\":[{\"@type\":\"ReadAction\",\"target\":[\"https:\/\/cool-safe.com\/?page_id=4664&lang=en\"]}]},{\"@type\":\"BreadcrumbList\",\"@id\":\"https:\/\/cool-safe.com\/?page_id=4664&lang=en#breadcrumb\",\"itemListElement\":[{\"@type\":\"ListItem\",\"position\":1,\"name\":\"Startseite\",\"item\":\"https:\/\/cool-safe.com\/?lang=en\"},{\"@type\":\"ListItem\",\"position\":2,\"name\":\"Imprint\"}]},{\"@type\":\"WebSite\",\"@id\":\"https:\/\/cool-safe.com\/en\/#website\",\"url\":\"https:\/\/cool-safe.com\/en\/\",\"name\":\"COOL*SAFE\",\"description\":\"The medicine cool bag - medicine well cooled\",\"potentialAction\":[{\"@type\":\"SearchAction\",\"target\":{\"@type\":\"EntryPoint\",\"urlTemplate\":\"https:\/\/cool-safe.com\/en\/?s={search_term_string}\"},\"query-input\":{\"@type\":\"PropertyValueSpecification\",\"valueRequired\":true,\"valueName\":\"search_term_string\"}}],\"inLanguage\":\"en-GB\"}]}<\/script>\n<!-- \/ Yoast SEO plugin. -->","yoast_head_json":{"title":"Imprint - COOL*SAFE","robots":{"index":"noindex","follow":"nofollow"},"og_locale":"en_GB","og_type":"article","og_title":"Imprint - COOL*SAFE","og_description":"[vc_row][vc_column][vc_column_text css=&#8221;&#8221;] IMPRINT [\/vc_column_text][vc_single_image image=&#8221;14530&#8243; img_size=&#8221;medium&#8221; css=&#8221;&#8221;][vc_column_text css=&#8221;&#8221;] Publisher: &nbsp; &nbsp; Artemed products GmbH Eichendorffstra\u00dfe 22 &#8211; 24 91334 Hemhofen bei N\u00fcrnberg CEO: Chris Wagner Local Court F\u00fcrth: HRB 16842 VAT-Id No.: DE 815268508 E-Mail: innovations@artemed-products.com Fax: 09195 &#8211; 9999 032 &nbsp; &nbsp; Disclaimer of liability: All information on our website has been carefully checked. We make every effort to constantly expand and update this information. However, we cannot guarantee that it is complete, correct&hellip;","og_url":"https:\/\/cool-safe.com\/?page_id=4664&lang=en","og_site_name":"COOL*SAFE","article_modified_time":"2025-02-03T11:31:14+00:00","twitter_card":"summary_large_image","twitter_misc":{"Estimated reading time":"2 minutes"},"schema":{"@context":"https:\/\/schema.org","@graph":[{"@type":"WebPage","@id":"https:\/\/cool-safe.com\/?page_id=4664&lang=en","url":"https:\/\/cool-safe.com\/?page_id=4664&lang=en","name":"Imprint - COOL*SAFE","isPartOf":{"@id":"https:\/\/cool-safe.com\/en\/#website"},"datePublished":"2019-02-01T08:45:25+00:00","dateModified":"2025-02-03T11:31:14+00:00","breadcrumb":{"@id":"https:\/\/cool-safe.com\/?page_id=4664&lang=en#breadcrumb"},"inLanguage":"en-GB","potentialAction":[{"@type":"ReadAction","target":["https:\/\/cool-safe.com\/?page_id=4664&lang=en"]}]},{"@type":"BreadcrumbList","@id":"https:\/\/cool-safe.com\/?page_id=4664&lang=en#breadcrumb","itemListElement":[{"@type":"ListItem","position":1,"name":"Startseite","item":"https:\/\/cool-safe.com\/?lang=en"},{"@type":"ListItem","position":2,"name":"Imprint"}]},{"@type":"WebSite","@id":"https:\/\/cool-safe.com\/en\/#website","url":"https:\/\/cool-safe.com\/en\/","name":"COOL*SAFE","description":"The medicine cool bag - medicine well cooled","potentialAction":[{"@type":"SearchAction","target":{"@type":"EntryPoint","urlTemplate":"https:\/\/cool-safe.com\/en\/?s={search_term_string}"},"query-input":{"@type":"PropertyValueSpecification","valueRequired":true,"valueName":"search_term_string"}}],"inLanguage":"en-GB"}]}},"acf":[],"_links":{"self":[{"href":"https:\/\/cool-safe.com\/index.php?rest_route=\/wp\/v2\/pages\/4664","targetHints":{"allow":["GET"]}}],"collection":[{"href":"https:\/\/cool-safe.com\/index.php?rest_route=\/wp\/v2\/pages"}],"about":[{"href":"https:\/\/cool-safe.com\/index.php?rest_route=\/wp\/v2\/types\/page"}],"author":[{"embeddable":true,"href":"https:\/\/cool-safe.com\/index.php?rest_route=\/wp\/v2\/users\/4"}],"replies":[{"embeddable":true,"href":"https:\/\/cool-safe.com\/index.php?rest_route=%2Fwp%2Fv2%2Fcomments&post=4664"}],"version-history":[{"count":13,"href":"https:\/\/cool-safe.com\/index.php?rest_route=\/wp\/v2\/pages\/4664\/revisions"}],"predecessor-version":[{"id":14533,"href":"https:\/\/cool-safe.com\/index.php?rest_route=\/wp\/v2\/pages\/4664\/revisions\/14533"}],"wp:attachment":[{"href":"https:\/\/cool-safe.com\/index.php?rest_route=%2Fwp%2Fv2%2Fmedia&parent=4664"}],"wp:term":[{"taxonomy":"post_tag","embeddable":true,"href":"https:\/\/cool-safe.com\/index.php?rest_route=%2Fwp%2Fv2%2Ftags&post=4664"}],"curies":[{"name":"wp","href":"https:\/\/api.w.org\/{rel}","templated":true}]}}