{"id":14059,"date":"2023-08-03T11:56:53","date_gmt":"2023-08-03T09:56:53","guid":{"rendered":"https:\/\/cool-safe.com\/?post_type=product&#038;p=14059"},"modified":"2025-08-28T10:39:57","modified_gmt":"2025-08-28T08:39:57","slug":"coolsafe-set-of-10-cool-packs","status":"publish","type":"product","link":"https:\/\/cool-safe.com\/?product=coolsafe-set-of-10-cool-packs","title":{"rendered":"COOL*SAFE COOL PACK SET, 10 COOL PACKS"},"content":{"rendered":"<p>PZN: 18783095<\/p>\n<p>The COOL*SAFE\u00ae cool packs make the COOL*SAFE\u00ae assortment perfect. With these cool packs, which have been specially developed for COOL*SAFE\u00ae, you will achieve an optimum cooling result. <strong><span style=\"color: #3366ff;\">The set of 10 cool packs serves as a replacement set for the cool bag model COOL*SAFE\u00ae Protect L. It is the optimal companion for conveniently extending the cooling duration for hours while keeping your medications from freezing.<\/span> <\/strong>The COOL*SAFE\u00ae cool packs can be placed in any freezer thanks to their compact, handy size.<\/p>\n<p><strong>Recommendation for every patient, especially for diabetics:<\/strong> The purchase of one or two additional sets creates <strong>greater mobility<\/strong>! This way, one set can always be in use, and one or two additional sets can be kept on hand frozen so that the cold bag can be used at any time.<\/p>\n<p>Click here to find out <strong>how to extend the cooling time of COOL*SAFE cold bags by many hours.<\/strong><\/p>\n<p><strong>Advantages:<\/strong><\/p>\n<ul>\n<li><strong>Cooling duration<\/strong> of the COOL*SAFE\u00ae cool bags verified by T\u00dcV in numerous measurements<\/li>\n<li><strong>Handy and lightweight<\/strong><\/li>\n<li><strong>Especially adapted to COOL*SAFE\u00ae products<\/strong><\/li>\n<li>Can be used again and again after freezing<\/li>\n<li>Size\/pack: <strong>18,4 x 8,7 x 2,5 cm (L\/W\/H)<\/strong><\/li>\n<li>Weight\/piece: <strong>0,145 kg<\/strong><\/li>\n<li>Weight per set: <strong>1,580 kg<\/strong><\/li>\n<li>Size of packaging: <strong>24 x 16,5 x 5 cm (L\/W\/H)<\/strong><\/li>\n<\/ul>\n","protected":false},"excerpt":{"rendered":"<p>PZN: 18783095<\/p>\n<p>The replacement cool pack set, also to extend the cooling duration! Ideal for the cold bag model, Protect L.<\/p>\n<p>Extend the cooling duration by many hours by replacing the set of cool packs in the cool bag after the appropriate time.<\/p>\n<p>&nbsp;<\/p>\n","protected":false},"featured_media":14808,"template":"","meta":{"_acf_changed":false},"product_brand":[],"product_cat":[325],"product_tag":[],"class_list":{"0":"post-14059","1":"product","2":"type-product","3":"status-publish","4":"has-post-thumbnail","6":"product_cat-accessories","8":"first","9":"instock","10":"taxable","11":"shipping-taxable","12":"purchasable","13":"product-type-simple"},"yoast_head":"<!-- This site is optimized with the Yoast SEO plugin v27.0 - https:\/\/yoast.com\/product\/yoast-seo-wordpress\/ -->\n<title>COOL*SAFE COOL PACK SET, 10 COOL PACKS - COOL*SAFE<\/title>\n<meta name=\"description\" content=\"Mit dem COOL*SAFE K\u00fchlakku-Set speziell f\u00fcr den Trolley erfahren Sie ein optimales K\u00fchlerlebnis beim Transport k\u00fchl(ketten)pflichtiger Medikamente. Die 10 gro\u00dfen K\u00fchlakkus sind auch als Ersatz-Se gut geeignet, wenn Sie die K\u00fchldauer verl\u00e4ngern wollen.\" \/>\n<meta name=\"robots\" content=\"index, follow, max-snippet:-1, max-image-preview:large, max-video-preview:-1\" \/>\n<link rel=\"canonical\" href=\"https:\/\/cool-safe.com\/?product=coolsafe-set-of-10-cool-packs&lang=en\" \/>\n<meta property=\"og:locale\" content=\"en_GB\" \/>\n<meta property=\"og:type\" content=\"article\" \/>\n<meta property=\"og:title\" content=\"COOL*SAFE COOL PACK SET, 10 COOL PACKS - COOL*SAFE\" \/>\n<meta property=\"og:description\" content=\"Mit dem COOL*SAFE K\u00fchlakku-Set speziell f\u00fcr den Trolley erfahren Sie ein optimales K\u00fchlerlebnis beim Transport k\u00fchl(ketten)pflichtiger Medikamente. Die 10 gro\u00dfen K\u00fchlakkus sind auch als Ersatz-Se gut geeignet, wenn Sie die K\u00fchldauer verl\u00e4ngern wollen.\" \/>\n<meta property=\"og:url\" content=\"https:\/\/cool-safe.com\/?product=coolsafe-set-of-10-cool-packs&amp;lang=en\" \/>\n<meta property=\"og:site_name\" content=\"COOL*SAFE\" \/>\n<meta property=\"article:modified_time\" content=\"2025-08-28T08:39:57+00:00\" \/>\n<meta property=\"og:image\" content=\"https:\/\/cool-safe.com\/wp-content\/uploads\/sites\/13\/2023\/08\/10-COOLSAFE-Akkus-2.jpg\" \/>\n\t<meta property=\"og:image:width\" content=\"850\" \/>\n\t<meta property=\"og:image:height\" content=\"773\" \/>\n\t<meta property=\"og:image:type\" content=\"image\/jpeg\" \/>\n<meta name=\"twitter:card\" content=\"summary_large_image\" \/>\n<meta name=\"twitter:label1\" content=\"Estimated reading time\" \/>\n\t<meta name=\"twitter:data1\" content=\"2 minutes\" \/>\n<script type=\"application\/ld+json\" class=\"yoast-schema-graph\">{\"@context\":\"https:\/\/schema.org\",\"@graph\":[{\"@type\":\"WebPage\",\"@id\":\"https:\/\/cool-safe.com\/?product=coolsafe-set-of-10-cool-packs&lang=en\",\"url\":\"https:\/\/cool-safe.com\/?product=coolsafe-set-of-10-cool-packs&lang=en\",\"name\":\"COOL*SAFE COOL PACK SET, 10 COOL PACKS - COOL*SAFE\",\"isPartOf\":{\"@id\":\"https:\/\/cool-safe.com\/en\/#website\"},\"primaryImageOfPage\":{\"@id\":\"https:\/\/cool-safe.com\/?product=coolsafe-set-of-10-cool-packs&lang=en#primaryimage\"},\"image\":{\"@id\":\"https:\/\/cool-safe.com\/?product=coolsafe-set-of-10-cool-packs&lang=en#primaryimage\"},\"thumbnailUrl\":\"https:\/\/cool-safe.com\/wp-content\/uploads\/sites\/13\/2023\/08\/10-COOLSAFE-Akkus-2.jpg\",\"datePublished\":\"2023-08-03T09:56:53+00:00\",\"dateModified\":\"2025-08-28T08:39:57+00:00\",\"description\":\"Mit dem COOL*SAFE K\u00fchlakku-Set speziell f\u00fcr den Trolley erfahren Sie ein optimales K\u00fchlerlebnis beim Transport k\u00fchl(ketten)pflichtiger Medikamente. Die 10 gro\u00dfen K\u00fchlakkus sind auch als Ersatz-Se gut geeignet, wenn Sie die K\u00fchldauer verl\u00e4ngern wollen.\",\"breadcrumb\":{\"@id\":\"https:\/\/cool-safe.com\/?product=coolsafe-set-of-10-cool-packs&lang=en#breadcrumb\"},\"inLanguage\":\"en-GB\",\"potentialAction\":[{\"@type\":\"ReadAction\",\"target\":[\"https:\/\/cool-safe.com\/?product=coolsafe-set-of-10-cool-packs&lang=en\"]}]},{\"@type\":\"ImageObject\",\"inLanguage\":\"en-GB\",\"@id\":\"https:\/\/cool-safe.com\/?product=coolsafe-set-of-10-cool-packs&lang=en#primaryimage\",\"url\":\"https:\/\/cool-safe.com\/wp-content\/uploads\/sites\/13\/2023\/08\/10-COOLSAFE-Akkus-2.jpg\",\"contentUrl\":\"https:\/\/cool-safe.com\/wp-content\/uploads\/sites\/13\/2023\/08\/10-COOLSAFE-Akkus-2.jpg\",\"width\":850,\"height\":773},{\"@type\":\"BreadcrumbList\",\"@id\":\"https:\/\/cool-safe.com\/?product=coolsafe-set-of-10-cool-packs&lang=en#breadcrumb\",\"itemListElement\":[{\"@type\":\"ListItem\",\"position\":1,\"name\":\"Startseite\",\"item\":\"https:\/\/cool-safe.com\/?lang=en\"},{\"@type\":\"ListItem\",\"position\":2,\"name\":\"Models-Shop\",\"item\":\"https:\/\/cool-safe.com\/?page_id=3575&lang=en\"},{\"@type\":\"ListItem\",\"position\":3,\"name\":\"COOL*SAFE COOL PACK SET, 10 COOL PACKS\"}]},{\"@type\":\"WebSite\",\"@id\":\"https:\/\/cool-safe.com\/en\/#website\",\"url\":\"https:\/\/cool-safe.com\/en\/\",\"name\":\"COOL*SAFE\",\"description\":\"The medicine cool bag - medicine well cooled\",\"potentialAction\":[{\"@type\":\"SearchAction\",\"target\":{\"@type\":\"EntryPoint\",\"urlTemplate\":\"https:\/\/cool-safe.com\/en\/?s={search_term_string}\"},\"query-input\":{\"@type\":\"PropertyValueSpecification\",\"valueRequired\":true,\"valueName\":\"search_term_string\"}}],\"inLanguage\":\"en-GB\"}]}<\/script>\n<!-- \/ Yoast SEO plugin. -->","yoast_head_json":{"title":"COOL*SAFE COOL PACK SET, 10 COOL PACKS - COOL*SAFE","description":"Mit dem COOL*SAFE K\u00fchlakku-Set speziell f\u00fcr den Trolley erfahren Sie ein optimales K\u00fchlerlebnis beim Transport k\u00fchl(ketten)pflichtiger Medikamente. Die 10 gro\u00dfen K\u00fchlakkus sind auch als Ersatz-Se gut geeignet, wenn Sie die K\u00fchldauer verl\u00e4ngern wollen.","robots":{"index":"index","follow":"follow","max-snippet":"max-snippet:-1","max-image-preview":"max-image-preview:large","max-video-preview":"max-video-preview:-1"},"canonical":"https:\/\/cool-safe.com\/?product=coolsafe-set-of-10-cool-packs&lang=en","og_locale":"en_GB","og_type":"article","og_title":"COOL*SAFE COOL PACK SET, 10 COOL PACKS - COOL*SAFE","og_description":"Mit dem COOL*SAFE K\u00fchlakku-Set speziell f\u00fcr den Trolley erfahren Sie ein optimales K\u00fchlerlebnis beim Transport k\u00fchl(ketten)pflichtiger Medikamente. Die 10 gro\u00dfen K\u00fchlakkus sind auch als Ersatz-Se gut geeignet, wenn Sie die K\u00fchldauer verl\u00e4ngern wollen.","og_url":"https:\/\/cool-safe.com\/?product=coolsafe-set-of-10-cool-packs&lang=en","og_site_name":"COOL*SAFE","article_modified_time":"2025-08-28T08:39:57+00:00","og_image":[{"width":850,"height":773,"url":"https:\/\/cool-safe.com\/wp-content\/uploads\/sites\/13\/2023\/08\/10-COOLSAFE-Akkus-2.jpg","type":"image\/jpeg"}],"twitter_card":"summary_large_image","twitter_misc":{"Estimated reading time":"2 minutes"},"schema":{"@context":"https:\/\/schema.org","@graph":[{"@type":"WebPage","@id":"https:\/\/cool-safe.com\/?product=coolsafe-set-of-10-cool-packs&lang=en","url":"https:\/\/cool-safe.com\/?product=coolsafe-set-of-10-cool-packs&lang=en","name":"COOL*SAFE COOL PACK SET, 10 COOL PACKS - COOL*SAFE","isPartOf":{"@id":"https:\/\/cool-safe.com\/en\/#website"},"primaryImageOfPage":{"@id":"https:\/\/cool-safe.com\/?product=coolsafe-set-of-10-cool-packs&lang=en#primaryimage"},"image":{"@id":"https:\/\/cool-safe.com\/?product=coolsafe-set-of-10-cool-packs&lang=en#primaryimage"},"thumbnailUrl":"https:\/\/cool-safe.com\/wp-content\/uploads\/sites\/13\/2023\/08\/10-COOLSAFE-Akkus-2.jpg","datePublished":"2023-08-03T09:56:53+00:00","dateModified":"2025-08-28T08:39:57+00:00","description":"Mit dem COOL*SAFE K\u00fchlakku-Set speziell f\u00fcr den Trolley erfahren Sie ein optimales K\u00fchlerlebnis beim Transport k\u00fchl(ketten)pflichtiger Medikamente. Die 10 gro\u00dfen K\u00fchlakkus sind auch als Ersatz-Se gut geeignet, wenn Sie die K\u00fchldauer verl\u00e4ngern wollen.","breadcrumb":{"@id":"https:\/\/cool-safe.com\/?product=coolsafe-set-of-10-cool-packs&lang=en#breadcrumb"},"inLanguage":"en-GB","potentialAction":[{"@type":"ReadAction","target":["https:\/\/cool-safe.com\/?product=coolsafe-set-of-10-cool-packs&lang=en"]}]},{"@type":"ImageObject","inLanguage":"en-GB","@id":"https:\/\/cool-safe.com\/?product=coolsafe-set-of-10-cool-packs&lang=en#primaryimage","url":"https:\/\/cool-safe.com\/wp-content\/uploads\/sites\/13\/2023\/08\/10-COOLSAFE-Akkus-2.jpg","contentUrl":"https:\/\/cool-safe.com\/wp-content\/uploads\/sites\/13\/2023\/08\/10-COOLSAFE-Akkus-2.jpg","width":850,"height":773},{"@type":"BreadcrumbList","@id":"https:\/\/cool-safe.com\/?product=coolsafe-set-of-10-cool-packs&lang=en#breadcrumb","itemListElement":[{"@type":"ListItem","position":1,"name":"Startseite","item":"https:\/\/cool-safe.com\/?lang=en"},{"@type":"ListItem","position":2,"name":"Models-Shop","item":"https:\/\/cool-safe.com\/?page_id=3575&lang=en"},{"@type":"ListItem","position":3,"name":"COOL*SAFE COOL PACK SET, 10 COOL PACKS"}]},{"@type":"WebSite","@id":"https:\/\/cool-safe.com\/en\/#website","url":"https:\/\/cool-safe.com\/en\/","name":"COOL*SAFE","description":"The medicine cool bag - medicine well cooled","potentialAction":[{"@type":"SearchAction","target":{"@type":"EntryPoint","urlTemplate":"https:\/\/cool-safe.com\/en\/?s={search_term_string}"},"query-input":{"@type":"PropertyValueSpecification","valueRequired":true,"valueName":"search_term_string"}}],"inLanguage":"en-GB"}]}},"acf":[],"_links":{"self":[{"href":"https:\/\/cool-safe.com\/index.php?rest_route=\/wp\/v2\/product\/14059","targetHints":{"allow":["GET"]}}],"collection":[{"href":"https:\/\/cool-safe.com\/index.php?rest_route=\/wp\/v2\/product"}],"about":[{"href":"https:\/\/cool-safe.com\/index.php?rest_route=\/wp\/v2\/types\/product"}],"wp:featuredmedia":[{"embeddable":true,"href":"https:\/\/cool-safe.com\/index.php?rest_route=\/wp\/v2\/media\/14808"}],"wp:attachment":[{"href":"https:\/\/cool-safe.com\/index.php?rest_route=%2Fwp%2Fv2%2Fmedia&parent=14059"}],"wp:term":[{"taxonomy":"product_brand","embeddable":true,"href":"https:\/\/cool-safe.com\/index.php?rest_route=%2Fwp%2Fv2%2Fproduct_brand&post=14059"},{"taxonomy":"product_cat","embeddable":true,"href":"https:\/\/cool-safe.com\/index.php?rest_route=%2Fwp%2Fv2%2Fproduct_cat&post=14059"},{"taxonomy":"product_tag","embeddable":true,"href":"https:\/\/cool-safe.com\/index.php?rest_route=%2Fwp%2Fv2%2Fproduct_tag&post=14059"}],"curies":[{"name":"wp","href":"https:\/\/api.w.org\/{rel}","templated":true}]}}