{"id":5524,"date":"2019-03-06T15:19:17","date_gmt":"2019-03-06T14:19:17","guid":{"rendered":"http:\/\/aurum.insulin-kuehltasche.de\/?post_type=product&#038;p=5524"},"modified":"2024-07-10T11:31:08","modified_gmt":"2024-07-10T09:31:08","slug":"coolsafe-set-of-6-cool-packs","status":"publish","type":"product","link":"https:\/\/cool-safe.com\/?product=coolsafe-set-of-6-cool-packs","title":{"rendered":"COOL*SAFE COOL PACK SET, 6 COOL PACKS"},"content":{"rendered":"<p>PZN: 9080495 \u00a0 \u00a0 \u00a0 EAN: 4260136170039 \u00a0 \u00a0 \u00a0PHZNR: 4056405<\/p>\n<p>The COOL*SAFE\u00ae cool packs make the COOL*SAFE\u00ae range perfect. With these specially developed cool packs for COOL*SAFE\u00ae, you will obtain an optimal cooling result. <strong><span style=\"color: #008000;\">The COOL*SAFE<sup>\u00ae<\/sup> cool bags and the COOL*SAFE<sup>\u00ae<\/sup> cooling backpack may only be equipped with these cool packs,<\/span><\/strong> so that hours of cooling duration can be guaranteed, while non-freezing of the transported materials. The COOL*SAFE\u00ae cool packs can be stored in any freezer thanks to their compact, handy size.<\/p>\n<p><strong>Recommendation for every patient, especially for diabetics:<\/strong> the purchase of one or two additional sets creates <strong>greater mobility<\/strong>! So there can always be one set in use and one or two more sets can be kept in the freezer ready to be used in the cool bag at any time.<\/p>\n<p><a href=\"https:\/\/cool-safe.com\/en\/guide-how-to-extend-the-cooling-duration-of-medicine-cool-bag\/\"><strong>Click here<\/strong><\/a> to find out how to <strong>extend COOL*SAFE cool bags\u2019 cooling period by many hours<\/strong><\/p>\n<p><strong><a class=\"cboxElement\" href=\"http:\/\/lp.cool-safe.de\/wp-content\/uploads\/COOLSAFE_Kuehlakkuset.jpg\"><img loading=\"lazy\" decoding=\"async\" class=\"wp-image-520 alignright colorbox-519\" title=\"COOLSAFE_Kuehlakkuset\" src=\"http:\/\/lp.cool-safe.de\/wp-content\/uploads\/COOLSAFE_Kuehlakkuset.jpg\" alt=\"\" width=\"269\" height=\"279\" \/><\/a><\/strong><\/p>\n<p>&nbsp;<\/p>\n<p><strong>Advantages:<\/strong><\/p>\n<ul>\n<li><strong>Cooling duration<\/strong>\u00a0of the COOL*SAFE\u00ae cool bags verified by T\u00dcV in numerous measurements<\/li>\n<\/ul>\n<ul>\n<li><strong>Handy and lightweight<\/strong><\/li>\n<\/ul>\n<ul>\n<li><strong>Especially adapted to COOL*SAFE\u00ae products<\/strong><\/li>\n<\/ul>\n<ul>\n<li>Can be used again and again after freezing<\/li>\n<\/ul>\n<ul>\n<li>Size\/cold pack:<strong> 18,4 x 8,7 x 2,5 cm (L\/W\/H)<\/strong><br \/>\nWeight\/piece:<strong> 0,145 kg<\/strong><br \/>\nWeight per set:<strong> 0,870 kg<\/strong><br \/>\nSize of packaging:<strong> 21 x 19,5 x 5 cm (L\/W\/H)<\/strong><\/li>\n<\/ul>\n","protected":false},"excerpt":{"rendered":"<p><small>PZN: 9080495 \u00a0 \u00a0 EAN: 4260136170039 \u00a0 \u00a0\u00a0PHZNR: 4056405<br \/>\n<small><\/small><\/small><\/p>\n<p>&nbsp;<\/p>\n<p>As replacement set of cool packs, and also for the extension of the cooling duration!<\/p>\n<p>Extend the cooling duration by many hours, by replacing the cool pack set in the in the cool bag after the appropriate time.<\/p>\n<p>&nbsp;<\/p>\n<p>&nbsp;<\/p>\n","protected":false},"featured_media":13242,"template":"","meta":{"_acf_changed":false},"product_brand":[],"product_cat":[634,325,317],"product_tag":[],"class_list":{"0":"post-5524","1":"product","2":"type-product","3":"status-publish","4":"has-post-thumbnail","6":"product_cat-uncategorised","7":"product_cat-accessories","8":"product_cat-unkategorisiert","10":"first","11":"instock","12":"sale","13":"taxable","14":"shipping-taxable","15":"purchasable","16":"product-type-simple"},"yoast_head":"<!-- This site is optimized with the Yoast SEO plugin v27.0 - https:\/\/yoast.com\/product\/yoast-seo-wordpress\/ -->\n<title>COOL*SAFE COOL PACK SET, 6 COOL PACKS - COOL*SAFE<\/title>\n<meta name=\"description\" content=\"Mit dem COOL*SAFE K\u00fchlakku-Set erfahren Sie optimales K\u00fchlerlebnis f\u00fcr Ihre Medikamenten-K\u00fchltasche. Die 6 K\u00fchlakkus dienen perfekt als Ersatz-Set, um die K\u00fchldauer zu verl\u00e4ngern.\" \/>\n<meta name=\"robots\" content=\"index, follow, max-snippet:-1, max-image-preview:large, max-video-preview:-1\" \/>\n<link rel=\"canonical\" href=\"https:\/\/cool-safe.com\/?product=coolsafe-set-of-6-cool-packs&lang=en\" \/>\n<meta property=\"og:locale\" content=\"en_GB\" \/>\n<meta property=\"og:type\" content=\"article\" \/>\n<meta property=\"og:title\" content=\"COOL*SAFE COOL PACK SET, 6 COOL PACKS - COOL*SAFE\" \/>\n<meta property=\"og:description\" content=\"Mit dem COOL*SAFE K\u00fchlakku-Set erfahren Sie optimales K\u00fchlerlebnis f\u00fcr Ihre Medikamenten-K\u00fchltasche. Die 6 K\u00fchlakkus dienen perfekt als Ersatz-Set, um die K\u00fchldauer zu verl\u00e4ngern.\" \/>\n<meta property=\"og:url\" content=\"https:\/\/cool-safe.com\/?product=coolsafe-set-of-6-cool-packs&amp;lang=en\" \/>\n<meta property=\"og:site_name\" content=\"COOL*SAFE\" \/>\n<meta property=\"article:modified_time\" content=\"2024-07-10T09:31:08+00:00\" \/>\n<meta property=\"og:image\" content=\"https:\/\/cool-safe.com\/wp-content\/uploads\/sites\/13\/2014\/11\/COOLSAFE-Akkuset-im-Beutel-2.jpg\" \/>\n\t<meta property=\"og:image:width\" content=\"907\" \/>\n\t<meta property=\"og:image:height\" content=\"825\" \/>\n\t<meta property=\"og:image:type\" content=\"image\/jpeg\" \/>\n<meta name=\"twitter:card\" content=\"summary_large_image\" \/>\n<meta name=\"twitter:label1\" content=\"Estimated reading time\" \/>\n\t<meta name=\"twitter:data1\" content=\"2 minutes\" \/>\n<script type=\"application\/ld+json\" class=\"yoast-schema-graph\">{\"@context\":\"https:\/\/schema.org\",\"@graph\":[{\"@type\":\"WebPage\",\"@id\":\"https:\/\/cool-safe.com\/?product=coolsafe-set-of-6-cool-packs&lang=en\",\"url\":\"https:\/\/cool-safe.com\/?product=coolsafe-set-of-6-cool-packs&lang=en\",\"name\":\"COOL*SAFE COOL PACK SET, 6 COOL PACKS - COOL*SAFE\",\"isPartOf\":{\"@id\":\"https:\/\/cool-safe.com\/en\/#website\"},\"primaryImageOfPage\":{\"@id\":\"https:\/\/cool-safe.com\/?product=coolsafe-set-of-6-cool-packs&lang=en#primaryimage\"},\"image\":{\"@id\":\"https:\/\/cool-safe.com\/?product=coolsafe-set-of-6-cool-packs&lang=en#primaryimage\"},\"thumbnailUrl\":\"https:\/\/cool-safe.com\/wp-content\/uploads\/sites\/13\/2014\/11\/COOLSAFE-Akkuset-im-Beutel-2.jpg\",\"datePublished\":\"2019-03-06T14:19:17+00:00\",\"dateModified\":\"2024-07-10T09:31:08+00:00\",\"description\":\"Mit dem COOL*SAFE K\u00fchlakku-Set erfahren Sie optimales K\u00fchlerlebnis f\u00fcr Ihre Medikamenten-K\u00fchltasche. Die 6 K\u00fchlakkus dienen perfekt als Ersatz-Set, um die K\u00fchldauer zu verl\u00e4ngern.\",\"breadcrumb\":{\"@id\":\"https:\/\/cool-safe.com\/?product=coolsafe-set-of-6-cool-packs&lang=en#breadcrumb\"},\"inLanguage\":\"en-GB\",\"potentialAction\":[{\"@type\":\"ReadAction\",\"target\":[\"https:\/\/cool-safe.com\/?product=coolsafe-set-of-6-cool-packs&lang=en\"]}]},{\"@type\":\"ImageObject\",\"inLanguage\":\"en-GB\",\"@id\":\"https:\/\/cool-safe.com\/?product=coolsafe-set-of-6-cool-packs&lang=en#primaryimage\",\"url\":\"https:\/\/cool-safe.com\/wp-content\/uploads\/sites\/13\/2014\/11\/COOLSAFE-Akkuset-im-Beutel-2.jpg\",\"contentUrl\":\"https:\/\/cool-safe.com\/wp-content\/uploads\/sites\/13\/2014\/11\/COOLSAFE-Akkuset-im-Beutel-2.jpg\",\"width\":907,\"height\":825,\"caption\":\"COOLSAFE Akkuset im Beutel\"},{\"@type\":\"BreadcrumbList\",\"@id\":\"https:\/\/cool-safe.com\/?product=coolsafe-set-of-6-cool-packs&lang=en#breadcrumb\",\"itemListElement\":[{\"@type\":\"ListItem\",\"position\":1,\"name\":\"Startseite\",\"item\":\"https:\/\/cool-safe.com\/?lang=en\"},{\"@type\":\"ListItem\",\"position\":2,\"name\":\"Models-Shop\",\"item\":\"https:\/\/cool-safe.com\/?page_id=3575&lang=en\"},{\"@type\":\"ListItem\",\"position\":3,\"name\":\"COOL*SAFE COOL PACK SET, 6 COOL PACKS\"}]},{\"@type\":\"WebSite\",\"@id\":\"https:\/\/cool-safe.com\/en\/#website\",\"url\":\"https:\/\/cool-safe.com\/en\/\",\"name\":\"COOL*SAFE\",\"description\":\"The medicine cool bag - medicine well cooled\",\"potentialAction\":[{\"@type\":\"SearchAction\",\"target\":{\"@type\":\"EntryPoint\",\"urlTemplate\":\"https:\/\/cool-safe.com\/en\/?s={search_term_string}\"},\"query-input\":{\"@type\":\"PropertyValueSpecification\",\"valueRequired\":true,\"valueName\":\"search_term_string\"}}],\"inLanguage\":\"en-GB\"}]}<\/script>\n<!-- \/ Yoast SEO plugin. -->","yoast_head_json":{"title":"COOL*SAFE COOL PACK SET, 6 COOL PACKS - COOL*SAFE","description":"Mit dem COOL*SAFE K\u00fchlakku-Set erfahren Sie optimales K\u00fchlerlebnis f\u00fcr Ihre Medikamenten-K\u00fchltasche. Die 6 K\u00fchlakkus dienen perfekt als Ersatz-Set, um die K\u00fchldauer zu verl\u00e4ngern.","robots":{"index":"index","follow":"follow","max-snippet":"max-snippet:-1","max-image-preview":"max-image-preview:large","max-video-preview":"max-video-preview:-1"},"canonical":"https:\/\/cool-safe.com\/?product=coolsafe-set-of-6-cool-packs&lang=en","og_locale":"en_GB","og_type":"article","og_title":"COOL*SAFE COOL PACK SET, 6 COOL PACKS - COOL*SAFE","og_description":"Mit dem COOL*SAFE K\u00fchlakku-Set erfahren Sie optimales K\u00fchlerlebnis f\u00fcr Ihre Medikamenten-K\u00fchltasche. Die 6 K\u00fchlakkus dienen perfekt als Ersatz-Set, um die K\u00fchldauer zu verl\u00e4ngern.","og_url":"https:\/\/cool-safe.com\/?product=coolsafe-set-of-6-cool-packs&lang=en","og_site_name":"COOL*SAFE","article_modified_time":"2024-07-10T09:31:08+00:00","og_image":[{"width":907,"height":825,"url":"https:\/\/cool-safe.com\/wp-content\/uploads\/sites\/13\/2014\/11\/COOLSAFE-Akkuset-im-Beutel-2.jpg","type":"image\/jpeg"}],"twitter_card":"summary_large_image","twitter_misc":{"Estimated reading time":"2 minutes"},"schema":{"@context":"https:\/\/schema.org","@graph":[{"@type":"WebPage","@id":"https:\/\/cool-safe.com\/?product=coolsafe-set-of-6-cool-packs&lang=en","url":"https:\/\/cool-safe.com\/?product=coolsafe-set-of-6-cool-packs&lang=en","name":"COOL*SAFE COOL PACK SET, 6 COOL PACKS - COOL*SAFE","isPartOf":{"@id":"https:\/\/cool-safe.com\/en\/#website"},"primaryImageOfPage":{"@id":"https:\/\/cool-safe.com\/?product=coolsafe-set-of-6-cool-packs&lang=en#primaryimage"},"image":{"@id":"https:\/\/cool-safe.com\/?product=coolsafe-set-of-6-cool-packs&lang=en#primaryimage"},"thumbnailUrl":"https:\/\/cool-safe.com\/wp-content\/uploads\/sites\/13\/2014\/11\/COOLSAFE-Akkuset-im-Beutel-2.jpg","datePublished":"2019-03-06T14:19:17+00:00","dateModified":"2024-07-10T09:31:08+00:00","description":"Mit dem COOL*SAFE K\u00fchlakku-Set erfahren Sie optimales K\u00fchlerlebnis f\u00fcr Ihre Medikamenten-K\u00fchltasche. Die 6 K\u00fchlakkus dienen perfekt als Ersatz-Set, um die K\u00fchldauer zu verl\u00e4ngern.","breadcrumb":{"@id":"https:\/\/cool-safe.com\/?product=coolsafe-set-of-6-cool-packs&lang=en#breadcrumb"},"inLanguage":"en-GB","potentialAction":[{"@type":"ReadAction","target":["https:\/\/cool-safe.com\/?product=coolsafe-set-of-6-cool-packs&lang=en"]}]},{"@type":"ImageObject","inLanguage":"en-GB","@id":"https:\/\/cool-safe.com\/?product=coolsafe-set-of-6-cool-packs&lang=en#primaryimage","url":"https:\/\/cool-safe.com\/wp-content\/uploads\/sites\/13\/2014\/11\/COOLSAFE-Akkuset-im-Beutel-2.jpg","contentUrl":"https:\/\/cool-safe.com\/wp-content\/uploads\/sites\/13\/2014\/11\/COOLSAFE-Akkuset-im-Beutel-2.jpg","width":907,"height":825,"caption":"COOLSAFE Akkuset im Beutel"},{"@type":"BreadcrumbList","@id":"https:\/\/cool-safe.com\/?product=coolsafe-set-of-6-cool-packs&lang=en#breadcrumb","itemListElement":[{"@type":"ListItem","position":1,"name":"Startseite","item":"https:\/\/cool-safe.com\/?lang=en"},{"@type":"ListItem","position":2,"name":"Models-Shop","item":"https:\/\/cool-safe.com\/?page_id=3575&lang=en"},{"@type":"ListItem","position":3,"name":"COOL*SAFE COOL PACK SET, 6 COOL PACKS"}]},{"@type":"WebSite","@id":"https:\/\/cool-safe.com\/en\/#website","url":"https:\/\/cool-safe.com\/en\/","name":"COOL*SAFE","description":"The medicine cool bag - medicine well cooled","potentialAction":[{"@type":"SearchAction","target":{"@type":"EntryPoint","urlTemplate":"https:\/\/cool-safe.com\/en\/?s={search_term_string}"},"query-input":{"@type":"PropertyValueSpecification","valueRequired":true,"valueName":"search_term_string"}}],"inLanguage":"en-GB"}]}},"acf":[],"_links":{"self":[{"href":"https:\/\/cool-safe.com\/index.php?rest_route=\/wp\/v2\/product\/5524","targetHints":{"allow":["GET"]}}],"collection":[{"href":"https:\/\/cool-safe.com\/index.php?rest_route=\/wp\/v2\/product"}],"about":[{"href":"https:\/\/cool-safe.com\/index.php?rest_route=\/wp\/v2\/types\/product"}],"wp:featuredmedia":[{"embeddable":true,"href":"https:\/\/cool-safe.com\/index.php?rest_route=\/wp\/v2\/media\/13242"}],"wp:attachment":[{"href":"https:\/\/cool-safe.com\/index.php?rest_route=%2Fwp%2Fv2%2Fmedia&parent=5524"}],"wp:term":[{"taxonomy":"product_brand","embeddable":true,"href":"https:\/\/cool-safe.com\/index.php?rest_route=%2Fwp%2Fv2%2Fproduct_brand&post=5524"},{"taxonomy":"product_cat","embeddable":true,"href":"https:\/\/cool-safe.com\/index.php?rest_route=%2Fwp%2Fv2%2Fproduct_cat&post=5524"},{"taxonomy":"product_tag","embeddable":true,"href":"https:\/\/cool-safe.com\/index.php?rest_route=%2Fwp%2Fv2%2Fproduct_tag&post=5524"}],"curies":[{"name":"wp","href":"https:\/\/api.w.org\/{rel}","templated":true}]}}